{"id":6,"date":"2025-12-18T17:18:20","date_gmt":"2025-12-18T17:18:20","guid":{"rendered":"https:\/\/sorginearrigorriaga.rkinformatika.online\/?page_id=6"},"modified":"2025-12-19T09:32:12","modified_gmt":"2025-12-19T09:32:12","slug":"servicios","status":"publish","type":"page","link":"https:\/\/sorginearrigorriaga.com\/eu\/servicios\/","title":{"rendered":"Zerbitzuak"},"content":{"rendered":"<div data-elementor-type=\"wp-page\" data-elementor-id=\"6\" class=\"elementor elementor-6\" data-elementor-post-type=\"page\">\n\t\t\t\t<div class=\"elementor-element elementor-element-e51d837 e-flex e-con-boxed e-con e-parent\" data-id=\"e51d837\" data-element_type=\"container\" data-e-type=\"container\" data-settings=\"{&quot;background_background&quot;:&quot;classic&quot;}\">\n\t\t\t\t\t<div class=\"e-con-inner\">\n\t\t<div class=\"elementor-element elementor-element-3d7aa81 e-con-full e-flex e-con e-child\" data-id=\"3d7aa81\" data-element_type=\"container\" data-e-type=\"container\">\n\t\t\t\t<\/div>\n\t\t\t\t\t<\/div>\n\t\t\t\t<\/div>\n\t\t<div class=\"elementor-element elementor-element-220c424 e-flex e-con-boxed elementor-invisible e-con e-parent\" data-id=\"220c424\" data-element_type=\"container\" data-e-type=\"container\" data-settings=\"{&quot;background_background&quot;:&quot;classic&quot;,&quot;animation&quot;:&quot;fadeInRight&quot;}\">\n\t\t\t\t\t<div class=\"e-con-inner\">\n\t\t<div class=\"elementor-element elementor-element-0eed5dd e-con-full e-flex e-con e-child\" data-id=\"0eed5dd\" data-element_type=\"container\" data-e-type=\"container\">\n\t\t\t\t<div class=\"elementor-element elementor-element-ce8989c elementor-widget elementor-widget-spacer\" data-id=\"ce8989c\" data-element_type=\"widget\" data-e-type=\"widget\" data-widget_type=\"spacer.default\">\n\t\t\t\t\t\t\t<div class=\"elementor-spacer\">\n\t\t\t<div class=\"elementor-spacer-inner\"><\/div>\n\t\t<\/div>\n\t\t\t\t\t\t<\/div>\n\t\t\t\t<div class=\"elementor-element elementor-element-5d4e5d3 elementor-widget__width-initial elementor-absolute elementor-widget elementor-widget-image\" data-id=\"5d4e5d3\" data-element_type=\"widget\" data-e-type=\"widget\" data-settings=\"{&quot;_position&quot;:&quot;absolute&quot;}\" data-widget_type=\"image.default\">\n\t\t\t\t\t\t\t\t\t\t\t\t\t\t\t<img fetchpriority=\"high\" decoding=\"async\" width=\"298\" height=\"278\" src=\"https:\/\/sorginearrigorriaga.com\/wp-content\/uploads\/2025\/12\/ico_web.jpg\" class=\"attachment-medium size-medium wp-image-29\" alt=\"\" srcset=\"https:\/\/sorginearrigorriaga.com\/wp-content\/uploads\/2025\/12\/ico_web.jpg 298w, https:\/\/sorginearrigorriaga.com\/wp-content\/uploads\/2025\/12\/ico_web-13x12.jpg 13w\" sizes=\"(max-width: 298px) 100vw, 298px\" \/>\t\t\t\t\t\t\t\t\t\t\t\t\t\t\t<\/div>\n\t\t\t\t<div class=\"elementor-element elementor-element-0073fd2 elementor-widget elementor-widget-heading\" data-id=\"0073fd2\" data-element_type=\"widget\" data-e-type=\"widget\" data-widget_type=\"heading.default\">\n\t\t\t\t\t<h2 class=\"elementor-heading-title elementor-size-default\">Nuestros Servicios<\/h2>\t\t\t\t<\/div>\n\t\t\t\t<div class=\"elementor-element elementor-element-31e218d elementor-widget elementor-widget-heading\" data-id=\"31e218d\" data-element_type=\"widget\" data-e-type=\"widget\" data-widget_type=\"heading.default\">\n\t\t\t\t\t<h2 class=\"elementor-heading-title elementor-size-default\">\u00a1\u00daltima\u2026 y nos vamos!<\/h2>\t\t\t\t<\/div>\n\t\t\t\t<div class=\"elementor-element elementor-element-508846c elementor-widget elementor-widget-text-editor\" data-id=\"508846c\" data-element_type=\"widget\" data-e-type=\"widget\" data-widget_type=\"text-editor.default\">\n\t\t\t\t\t\t\t\t\t<p>Te ofrecemos caf\u00e9s de diferentes tipos y variedad de bocadillos para satisfacer todos tus antojos.<\/p>\t\t\t\t\t\t\t\t<\/div>\n\t\t\t\t<div class=\"elementor-element elementor-element-17cd8b5 elementor-widget elementor-widget-text-editor\" data-id=\"17cd8b5\" data-element_type=\"widget\" data-e-type=\"widget\" data-widget_type=\"text-editor.default\">\n\t\t\t\t\t\t\t\t\t<p>Tambi\u00e9n transmitimos todo el f\u00fatbol en cuatro pantallas grandes, asegurando que no te pierdas ning\u00fan momento emocionante.\u00a0<\/p>\t\t\t\t\t\t\t\t<\/div>\n\t\t\t\t<\/div>\n\t\t<div class=\"elementor-element elementor-element-d23aa56 e-con-full e-flex e-con e-child\" data-id=\"d23aa56\" data-element_type=\"container\" data-e-type=\"container\">\n\t\t\t\t<div class=\"elementor-element elementor-element-8bf6b41 elementor--h-position-center elementor--v-position-middle elementor-arrows-position-inside elementor-pagination-position-inside elementor-widget elementor-widget-slides\" data-id=\"8bf6b41\" data-element_type=\"widget\" data-e-type=\"widget\" data-settings=\"{&quot;navigation&quot;:&quot;both&quot;,&quot;autoplay&quot;:&quot;yes&quot;,&quot;pause_on_hover&quot;:&quot;yes&quot;,&quot;pause_on_interaction&quot;:&quot;yes&quot;,&quot;autoplay_speed&quot;:5000,&quot;infinite&quot;:&quot;yes&quot;,&quot;transition&quot;:&quot;slide&quot;,&quot;transition_speed&quot;:500}\" data-widget_type=\"slides.default\">\n\t\t\t\t\t\t\t\t\t\t<div class=\"elementor-slides-wrapper elementor-main-swiper swiper\" role=\"region\" aria-roledescription=\"carousel\" aria-label=\"Slides\" dir=\"ltr\" data-animation=\"fadeInUp\">\n\t\t\t\t<div class=\"swiper-wrapper elementor-slides\">\n\t\t\t\t\t\t\t\t\t\t<div class=\"elementor-repeater-item-9afe164 swiper-slide\" role=\"group\" aria-roledescription=\"slide\"><div class=\"swiper-slide-bg\" role=\"img\" aria-label=\"2151945665\"><\/div><div class=\"swiper-slide-inner\" ><div class=\"swiper-slide-contents\"><\/div><\/div><\/div><div class=\"elementor-repeater-item-4ecd939 swiper-slide\" role=\"group\" aria-roledescription=\"slide\"><div class=\"swiper-slide-bg\" role=\"img\" aria-label=\"21697\"><\/div><div class=\"swiper-slide-inner\" ><div class=\"swiper-slide-contents\"><\/div><\/div><\/div><div class=\"elementor-repeater-item-bac0b7c swiper-slide\" role=\"group\" aria-roledescription=\"slide\"><div class=\"swiper-slide-bg\" role=\"img\" aria-label=\"9858524\"><\/div><div class=\"swiper-slide-inner\" ><div class=\"swiper-slide-contents\"><\/div><\/div><\/div><div class=\"elementor-repeater-item-a93b5f6 swiper-slide\" role=\"group\" aria-roledescription=\"slide\"><div class=\"swiper-slide-bg\" role=\"img\" aria-label=\"8900\"><\/div><div class=\"swiper-slide-inner\" ><div class=\"swiper-slide-contents\"><\/div><\/div><\/div>\t\t\t\t<\/div>\n\t\t\t\t\t\t\t\t\t\t\t\t\t\t\t<div class=\"elementor-swiper-button elementor-swiper-button-prev\" role=\"button\" tabindex=\"0\" aria-label=\"Previous slide\" data-no-translation-aria-label=\"\">\n\t\t\t\t\t\t\t<svg aria-hidden=\"true\" class=\"e-font-icon-svg e-eicon-chevron-left\" viewbox=\"0 0 1000 1000\" xmlns=\"http:\/\/www.w3.org\/2000\/svg\"><path d=\"M646 125C629 125 613 133 604 142L308 442C296 454 292 471 292 487 292 504 296 521 308 533L604 854C617 867 629 875 646 875 663 875 679 871 692 858 704 846 713 829 713 812 713 796 708 779 692 767L438 487 692 225C700 217 708 204 708 187 708 171 704 154 692 142 675 129 663 125 646 125Z\"><\/path><\/svg>\t\t\t\t\t\t<\/div>\n\t\t\t\t\t\t<div class=\"elementor-swiper-button elementor-swiper-button-next\" role=\"button\" tabindex=\"0\" aria-label=\"Next slide\" data-no-translation-aria-label=\"\">\n\t\t\t\t\t\t\t<svg aria-hidden=\"true\" class=\"e-font-icon-svg e-eicon-chevron-right\" viewbox=\"0 0 1000 1000\" xmlns=\"http:\/\/www.w3.org\/2000\/svg\"><path d=\"M696 533C708 521 713 504 713 487 713 471 708 454 696 446L400 146C388 133 375 125 354 125 338 125 325 129 313 142 300 154 292 171 292 187 292 204 296 221 308 233L563 492 304 771C292 783 288 800 288 817 288 833 296 850 308 863 321 871 338 875 354 875 371 875 388 867 400 854L696 533Z\"><\/path><\/svg>\t\t\t\t\t\t<\/div>\n\t\t\t\t\t\t\t\t\t\t\t\t\t\t\t\t<div class=\"swiper-pagination\"><\/div>\n\t\t\t\t\t\t\t\t\t\t\t\t<\/div>\n\t\t\t\t\t\t\t\t<\/div>\n\t\t\t\t<\/div>\n\t\t\t\t\t<\/div>\n\t\t\t\t<\/div>\n\t\t<div class=\"elementor-element elementor-element-e699eaf e-flex e-con-boxed e-con e-parent\" data-id=\"e699eaf\" data-element_type=\"container\" data-e-type=\"container\" data-settings=\"{&quot;background_background&quot;:&quot;classic&quot;}\">\n\t\t\t\t\t<div class=\"e-con-inner\">\n\t\t\t\t<div class=\"elementor-element elementor-element-b32162c elementor-widget elementor-widget-heading\" data-id=\"b32162c\" data-element_type=\"widget\" data-e-type=\"widget\" data-widget_type=\"heading.default\">\n\t\t\t\t\t<h2 class=\"elementor-heading-title elementor-size-default\">\u00a1Brindis tranquilos, conversaciones largas y vino como se debe!<\/h2>\t\t\t\t<\/div>\n\t\t\t\t<div class=\"elementor-element elementor-element-6ee4b27 elementor-tablet-align-center elementor-invisible elementor-widget elementor-widget-button\" data-id=\"6ee4b27\" data-element_type=\"widget\" data-e-type=\"widget\" data-settings=\"{&quot;_animation&quot;:&quot;fadeInLeft&quot;}\" data-widget_type=\"button.default\">\n\t\t\t\t\t\t\t\t\t\t<a class=\"elementor-button elementor-button-link elementor-size-sm elementor-animation-pop\" href=\"\/eu\/contacto\/\">\n\t\t\t\t\t\t<span class=\"elementor-button-content-wrapper\">\n\t\t\t\t\t\t\t\t\t<span class=\"elementor-button-text\">Cont\u00e1ctanos<\/span>\n\t\t\t\t\t<\/span>\n\t\t\t\t\t<\/a>\n\t\t\t\t\t\t\t\t<\/div>\n\t\t\t\t\t<\/div>\n\t\t\t\t<\/div>\n\t\t<div class=\"elementor-element elementor-element-aee9111 e-flex e-con-boxed elementor-invisible e-con e-parent\" data-id=\"aee9111\" data-element_type=\"container\" data-e-type=\"container\" data-settings=\"{&quot;background_background&quot;:&quot;classic&quot;,&quot;animation&quot;:&quot;fadeInRight&quot;}\">\n\t\t\t\t\t<div class=\"e-con-inner\">\n\t\t<div class=\"elementor-element elementor-element-3667bdb e-con-full e-flex e-con e-child\" data-id=\"3667bdb\" data-element_type=\"container\" data-e-type=\"container\">\n\t\t\t\t<div class=\"elementor-element elementor-element-4a3b95a elementor-widget elementor-widget-spacer\" data-id=\"4a3b95a\" data-element_type=\"widget\" data-e-type=\"widget\" data-widget_type=\"spacer.default\">\n\t\t\t\t\t\t\t<div class=\"elementor-spacer\">\n\t\t\t<div class=\"elementor-spacer-inner\"><\/div>\n\t\t<\/div>\n\t\t\t\t\t\t<\/div>\n\t\t\t\t<div class=\"elementor-element elementor-element-85de25f elementor-widget__width-initial elementor-absolute elementor-widget elementor-widget-image\" data-id=\"85de25f\" data-element_type=\"widget\" data-e-type=\"widget\" data-settings=\"{&quot;_position&quot;:&quot;absolute&quot;}\" data-widget_type=\"image.default\">\n\t\t\t\t\t\t\t\t\t\t\t\t\t\t\t<img fetchpriority=\"high\" decoding=\"async\" width=\"298\" height=\"278\" src=\"https:\/\/sorginearrigorriaga.com\/wp-content\/uploads\/2025\/12\/ico_web.jpg\" class=\"attachment-medium size-medium wp-image-29\" alt=\"\" srcset=\"https:\/\/sorginearrigorriaga.com\/wp-content\/uploads\/2025\/12\/ico_web.jpg 298w, https:\/\/sorginearrigorriaga.com\/wp-content\/uploads\/2025\/12\/ico_web-13x12.jpg 13w\" sizes=\"(max-width: 298px) 100vw, 298px\" \/>\t\t\t\t\t\t\t\t\t\t\t\t\t\t\t<\/div>\n\t\t\t\t<div class=\"elementor-element elementor-element-a114f4d elementor-widget elementor-widget-heading\" data-id=\"a114f4d\" data-element_type=\"widget\" data-e-type=\"widget\" data-widget_type=\"heading.default\">\n\t\t\t\t\t<h2 class=\"elementor-heading-title elementor-size-default\">Nuestros Servicios<\/h2>\t\t\t\t<\/div>\n\t\t\t\t<div class=\"elementor-element elementor-element-e722d58 elementor-widget elementor-widget-heading\" data-id=\"e722d58\" data-element_type=\"widget\" data-e-type=\"widget\" data-widget_type=\"heading.default\">\n\t\t\t\t\t<h2 class=\"elementor-heading-title elementor-size-default\">\u00a1La excusa perfecta!<\/h2>\t\t\t\t<\/div>\n\t\t\t\t<div class=\"elementor-element elementor-element-9212452 elementor-widget elementor-widget-text-editor\" data-id=\"9212452\" data-element_type=\"widget\" data-e-type=\"widget\" data-widget_type=\"text-editor.default\">\n\t\t\t\t\t\t\t\t\t<p>Nuestros fines de semana son especiales, empezando desde la hora del aperitivo y continuando hasta bien entrada la madrugada, creando un ambiente perfecto para disfrutar con amigos y hacer nuevas conexiones.<\/p>\t\t\t\t\t\t\t\t<\/div>\n\t\t\t\t<\/div>\n\t\t<div class=\"elementor-element elementor-element-f6a7ad0 e-con-full e-flex e-con e-child\" data-id=\"f6a7ad0\" data-element_type=\"container\" data-e-type=\"container\">\n\t\t\t\t<div class=\"elementor-element elementor-element-19b37cf elementor--h-position-center elementor--v-position-middle elementor-arrows-position-inside elementor-pagination-position-inside elementor-widget elementor-widget-slides\" data-id=\"19b37cf\" data-element_type=\"widget\" data-e-type=\"widget\" data-settings=\"{&quot;navigation&quot;:&quot;both&quot;,&quot;autoplay&quot;:&quot;yes&quot;,&quot;pause_on_hover&quot;:&quot;yes&quot;,&quot;pause_on_interaction&quot;:&quot;yes&quot;,&quot;autoplay_speed&quot;:5000,&quot;infinite&quot;:&quot;yes&quot;,&quot;transition&quot;:&quot;slide&quot;,&quot;transition_speed&quot;:500}\" data-widget_type=\"slides.default\">\n\t\t\t\t\t\t\t\t\t\t<div class=\"elementor-slides-wrapper elementor-main-swiper swiper\" role=\"region\" aria-roledescription=\"carousel\" aria-label=\"Slides\" dir=\"ltr\" data-animation=\"fadeInUp\">\n\t\t\t\t<div class=\"swiper-wrapper elementor-slides\">\n\t\t\t\t\t\t\t\t\t\t<div class=\"elementor-repeater-item-9afe164 swiper-slide\" role=\"group\" aria-roledescription=\"slide\"><div class=\"swiper-slide-bg\" role=\"img\" aria-label=\"9658.jpg\"><\/div><div class=\"swiper-slide-inner\" ><div class=\"swiper-slide-contents\"><\/div><\/div><\/div><div class=\"elementor-repeater-item-4ecd939 swiper-slide\" role=\"group\" aria-roledescription=\"slide\"><div class=\"swiper-slide-bg\" role=\"img\" aria-label=\"2148214968.jpg\"><\/div><div class=\"swiper-slide-inner\" ><div class=\"swiper-slide-contents\"><\/div><\/div><\/div><div class=\"elementor-repeater-item-bac0b7c swiper-slide\" role=\"group\" aria-roledescription=\"slide\"><div class=\"swiper-slide-bg\" role=\"img\" aria-label=\"13479\"><\/div><div class=\"swiper-slide-inner\" ><div class=\"swiper-slide-contents\"><\/div><\/div><\/div>\t\t\t\t<\/div>\n\t\t\t\t\t\t\t\t\t\t\t\t\t\t\t<div class=\"elementor-swiper-button elementor-swiper-button-prev\" role=\"button\" tabindex=\"0\" aria-label=\"Previous slide\" data-no-translation-aria-label=\"\">\n\t\t\t\t\t\t\t<svg aria-hidden=\"true\" class=\"e-font-icon-svg e-eicon-chevron-left\" viewbox=\"0 0 1000 1000\" xmlns=\"http:\/\/www.w3.org\/2000\/svg\"><path d=\"M646 125C629 125 613 133 604 142L308 442C296 454 292 471 292 487 292 504 296 521 308 533L604 854C617 867 629 875 646 875 663 875 679 871 692 858 704 846 713 829 713 812 713 796 708 779 692 767L438 487 692 225C700 217 708 204 708 187 708 171 704 154 692 142 675 129 663 125 646 125Z\"><\/path><\/svg>\t\t\t\t\t\t<\/div>\n\t\t\t\t\t\t<div class=\"elementor-swiper-button elementor-swiper-button-next\" role=\"button\" tabindex=\"0\" aria-label=\"Next slide\" data-no-translation-aria-label=\"\">\n\t\t\t\t\t\t\t<svg aria-hidden=\"true\" class=\"e-font-icon-svg e-eicon-chevron-right\" viewbox=\"0 0 1000 1000\" xmlns=\"http:\/\/www.w3.org\/2000\/svg\"><path d=\"M696 533C708 521 713 504 713 487 713 471 708 454 696 446L400 146C388 133 375 125 354 125 338 125 325 129 313 142 300 154 292 171 292 187 292 204 296 221 308 233L563 492 304 771C292 783 288 800 288 817 288 833 296 850 308 863 321 871 338 875 354 875 371 875 388 867 400 854L696 533Z\"><\/path><\/svg>\t\t\t\t\t\t<\/div>\n\t\t\t\t\t\t\t\t\t\t\t\t\t\t\t\t<div class=\"swiper-pagination\"><\/div>\n\t\t\t\t\t\t\t\t\t\t\t\t<\/div>\n\t\t\t\t\t\t\t\t<\/div>\n\t\t\t\t<\/div>\n\t\t\t\t\t<\/div>\n\t\t\t\t<\/div>\n\t\t\t\t<\/div>","protected":false},"excerpt":{"rendered":"<p>Nuestros Servicios \u00a1\u00daltima\u2026 y nos vamos! Te ofrecemos caf\u00e9s de diferentes tipos y variedad de bocadillos para satisfacer todos tus antojos. Tambi\u00e9n transmitimos todo el f\u00fatbol en cuatro pantallas grandes, asegurando que no te pierdas ning\u00fan momento emocionante.\u00a0 \u00a1Brindis tranquilos, conversaciones largas y vino como se debe! Cont\u00e1ctanos Nuestros Servicios \u00a1La excusa perfecta! Nuestros fines [&hellip;]<\/p>\n","protected":false},"author":1,"featured_media":0,"parent":0,"menu_order":0,"comment_status":"closed","ping_status":"closed","template":"elementor_canvas","meta":{"footnotes":""},"class_list":["post-6","page","type-page","status-publish","hentry"],"yoast_head":"<!-- This site is optimized with the Yoast SEO plugin v27.3 - https:\/\/yoast.com\/product\/yoast-seo-wordpress\/ -->\n<title>Servicios - Sorgine Caf\u00e9 Bar<\/title>\n<meta name=\"robots\" content=\"index, follow, max-snippet:-1, max-image-preview:large, max-video-preview:-1\" \/>\n<link rel=\"canonical\" href=\"https:\/\/sorginearrigorriaga.com\/eu\/servicios\/\" \/>\n<meta property=\"og:locale\" content=\"en_US\" \/>\n<meta property=\"og:type\" content=\"article\" \/>\n<meta property=\"og:title\" content=\"Servicios - Sorgine Caf\u00e9 Bar\" \/>\n<meta property=\"og:description\" content=\"Nuestros Servicios \u00a1\u00daltima\u2026 y nos vamos! Te ofrecemos caf\u00e9s de diferentes tipos y variedad de bocadillos para satisfacer todos tus antojos. Tambi\u00e9n transmitimos todo el f\u00fatbol en cuatro pantallas grandes, asegurando que no te pierdas ning\u00fan momento emocionante.\u00a0 \u00a1Brindis tranquilos, conversaciones largas y vino como se debe! Cont\u00e1ctanos Nuestros Servicios \u00a1La excusa perfecta! Nuestros fines [&hellip;]\" \/>\n<meta property=\"og:url\" content=\"https:\/\/sorginearrigorriaga.com\/eu\/servicios\/\" \/>\n<meta property=\"og:site_name\" content=\"Sorgine Caf\u00e9 Bar\" \/>\n<meta property=\"article:modified_time\" content=\"2025-12-19T09:32:12+00:00\" \/>\n<meta property=\"og:image\" content=\"https:\/\/sorginearrigorriaga.com\/wp-content\/uploads\/2025\/12\/ico_web.jpg\" \/>\n<meta name=\"twitter:card\" content=\"summary_large_image\" \/>\n<meta name=\"twitter:label1\" content=\"Est. reading time\" \/>\n\t<meta name=\"twitter:data1\" content=\"1 minutua\" \/>\n<script type=\"application\/ld+json\" class=\"yoast-schema-graph\">{\"@context\":\"https:\\\/\\\/schema.org\",\"@graph\":[{\"@type\":\"WebPage\",\"@id\":\"https:\\\/\\\/sorginearrigorriaga.com\\\/servicios\\\/\",\"url\":\"https:\\\/\\\/sorginearrigorriaga.com\\\/servicios\\\/\",\"name\":\"Servicios - Sorgine Caf\u00e9 Bar\",\"isPartOf\":{\"@id\":\"https:\\\/\\\/sorginearrigorriaga.com\\\/#website\"},\"primaryImageOfPage\":{\"@id\":\"https:\\\/\\\/sorginearrigorriaga.com\\\/servicios\\\/#primaryimage\"},\"image\":{\"@id\":\"https:\\\/\\\/sorginearrigorriaga.com\\\/servicios\\\/#primaryimage\"},\"thumbnailUrl\":\"https:\\\/\\\/sorginearrigorriaga.com\\\/wp-content\\\/uploads\\\/2025\\\/12\\\/ico_web.jpg\",\"datePublished\":\"2025-12-18T17:18:20+00:00\",\"dateModified\":\"2025-12-19T09:32:12+00:00\",\"breadcrumb\":{\"@id\":\"https:\\\/\\\/sorginearrigorriaga.com\\\/servicios\\\/#breadcrumb\"},\"inLanguage\":\"eu\",\"potentialAction\":[{\"@type\":\"ReadAction\",\"target\":[\"https:\\\/\\\/sorginearrigorriaga.com\\\/servicios\\\/\"]}]},{\"@type\":\"ImageObject\",\"inLanguage\":\"eu\",\"@id\":\"https:\\\/\\\/sorginearrigorriaga.com\\\/servicios\\\/#primaryimage\",\"url\":\"https:\\\/\\\/sorginearrigorriaga.com\\\/wp-content\\\/uploads\\\/2025\\\/12\\\/ico_web.jpg\",\"contentUrl\":\"https:\\\/\\\/sorginearrigorriaga.com\\\/wp-content\\\/uploads\\\/2025\\\/12\\\/ico_web.jpg\"},{\"@type\":\"BreadcrumbList\",\"@id\":\"https:\\\/\\\/sorginearrigorriaga.com\\\/servicios\\\/#breadcrumb\",\"itemListElement\":[{\"@type\":\"ListItem\",\"position\":1,\"name\":\"Portada\",\"item\":\"https:\\\/\\\/sorginearrigorriaga.com\\\/\"},{\"@type\":\"ListItem\",\"position\":2,\"name\":\"Servicios\"}]},{\"@type\":\"WebSite\",\"@id\":\"https:\\\/\\\/sorginearrigorriaga.com\\\/#website\",\"url\":\"https:\\\/\\\/sorginearrigorriaga.com\\\/\",\"name\":\"Sorgine Caf\u00e9 Bar\",\"description\":\"Sorgine Caf\u00e9 Bar\",\"publisher\":{\"@id\":\"https:\\\/\\\/sorginearrigorriaga.com\\\/#organization\"},\"potentialAction\":[{\"@type\":\"SearchAction\",\"target\":{\"@type\":\"EntryPoint\",\"urlTemplate\":\"https:\\\/\\\/sorginearrigorriaga.com\\\/?s={search_term_string}\"},\"query-input\":{\"@type\":\"PropertyValueSpecification\",\"valueRequired\":true,\"valueName\":\"search_term_string\"}}],\"inLanguage\":\"eu\"},{\"@type\":\"Organization\",\"@id\":\"https:\\\/\\\/sorginearrigorriaga.com\\\/#organization\",\"name\":\"Sorgine Caf\u00e9 Bar\",\"url\":\"https:\\\/\\\/sorginearrigorriaga.com\\\/\",\"logo\":{\"@type\":\"ImageObject\",\"inLanguage\":\"eu\",\"@id\":\"https:\\\/\\\/sorginearrigorriaga.com\\\/#\\\/schema\\\/logo\\\/image\\\/\",\"url\":\"https:\\\/\\\/sorginearrigorriaga.com\\\/wp-content\\\/uploads\\\/2025\\\/12\\\/logo_web-removebg-preview.png\",\"contentUrl\":\"https:\\\/\\\/sorginearrigorriaga.com\\\/wp-content\\\/uploads\\\/2025\\\/12\\\/logo_web-removebg-preview.png\",\"width\":728,\"height\":343,\"caption\":\"Sorgine Caf\u00e9 Bar\"},\"image\":{\"@id\":\"https:\\\/\\\/sorginearrigorriaga.com\\\/#\\\/schema\\\/logo\\\/image\\\/\"}}]}<\/script>\n<!-- \/ Yoast SEO plugin. -->","yoast_head_json":{"title":"Servicios - Sorgine Caf\u00e9 Bar","robots":{"index":"index","follow":"follow","max-snippet":"max-snippet:-1","max-image-preview":"max-image-preview:large","max-video-preview":"max-video-preview:-1"},"canonical":"https:\/\/sorginearrigorriaga.com\/eu\/servicios\/","og_locale":"en_US","og_type":"article","og_title":"Servicios - Sorgine Caf\u00e9 Bar","og_description":"Nuestros Servicios \u00a1\u00daltima\u2026 y nos vamos! Te ofrecemos caf\u00e9s de diferentes tipos y variedad de bocadillos para satisfacer todos tus antojos. Tambi\u00e9n transmitimos todo el f\u00fatbol en cuatro pantallas grandes, asegurando que no te pierdas ning\u00fan momento emocionante.\u00a0 \u00a1Brindis tranquilos, conversaciones largas y vino como se debe! Cont\u00e1ctanos Nuestros Servicios \u00a1La excusa perfecta! Nuestros fines [&hellip;]","og_url":"https:\/\/sorginearrigorriaga.com\/eu\/servicios\/","og_site_name":"Sorgine Caf\u00e9 Bar","article_modified_time":"2025-12-19T09:32:12+00:00","og_image":[{"url":"https:\/\/sorginearrigorriaga.com\/wp-content\/uploads\/2025\/12\/ico_web.jpg","type":"","width":"","height":""}],"twitter_card":"summary_large_image","twitter_misc":{"Est. reading time":"1 minutua"},"schema":{"@context":"https:\/\/schema.org","@graph":[{"@type":"WebPage","@id":"https:\/\/sorginearrigorriaga.com\/servicios\/","url":"https:\/\/sorginearrigorriaga.com\/servicios\/","name":"Servicios - Sorgine Caf\u00e9 Bar","isPartOf":{"@id":"https:\/\/sorginearrigorriaga.com\/#website"},"primaryImageOfPage":{"@id":"https:\/\/sorginearrigorriaga.com\/servicios\/#primaryimage"},"image":{"@id":"https:\/\/sorginearrigorriaga.com\/servicios\/#primaryimage"},"thumbnailUrl":"https:\/\/sorginearrigorriaga.com\/wp-content\/uploads\/2025\/12\/ico_web.jpg","datePublished":"2025-12-18T17:18:20+00:00","dateModified":"2025-12-19T09:32:12+00:00","breadcrumb":{"@id":"https:\/\/sorginearrigorriaga.com\/servicios\/#breadcrumb"},"inLanguage":"eu","potentialAction":[{"@type":"ReadAction","target":["https:\/\/sorginearrigorriaga.com\/servicios\/"]}]},{"@type":"ImageObject","inLanguage":"eu","@id":"https:\/\/sorginearrigorriaga.com\/servicios\/#primaryimage","url":"https:\/\/sorginearrigorriaga.com\/wp-content\/uploads\/2025\/12\/ico_web.jpg","contentUrl":"https:\/\/sorginearrigorriaga.com\/wp-content\/uploads\/2025\/12\/ico_web.jpg"},{"@type":"BreadcrumbList","@id":"https:\/\/sorginearrigorriaga.com\/servicios\/#breadcrumb","itemListElement":[{"@type":"ListItem","position":1,"name":"Portada","item":"https:\/\/sorginearrigorriaga.com\/"},{"@type":"ListItem","position":2,"name":"Servicios"}]},{"@type":"WebSite","@id":"https:\/\/sorginearrigorriaga.com\/#website","url":"https:\/\/sorginearrigorriaga.com\/","name":"Sorgine Caf\u00e9 Bar","description":"Sorgine Caf\u00e9 Bar","publisher":{"@id":"https:\/\/sorginearrigorriaga.com\/#organization"},"potentialAction":[{"@type":"SearchAction","target":{"@type":"EntryPoint","urlTemplate":"https:\/\/sorginearrigorriaga.com\/?s={search_term_string}"},"query-input":{"@type":"PropertyValueSpecification","valueRequired":true,"valueName":"search_term_string"}}],"inLanguage":"eu"},{"@type":"Organization","@id":"https:\/\/sorginearrigorriaga.com\/#organization","name":"Sorgine Caf\u00e9 Bar","url":"https:\/\/sorginearrigorriaga.com\/","logo":{"@type":"ImageObject","inLanguage":"eu","@id":"https:\/\/sorginearrigorriaga.com\/#\/schema\/logo\/image\/","url":"https:\/\/sorginearrigorriaga.com\/wp-content\/uploads\/2025\/12\/logo_web-removebg-preview.png","contentUrl":"https:\/\/sorginearrigorriaga.com\/wp-content\/uploads\/2025\/12\/logo_web-removebg-preview.png","width":728,"height":343,"caption":"Sorgine Caf\u00e9 Bar"},"image":{"@id":"https:\/\/sorginearrigorriaga.com\/#\/schema\/logo\/image\/"}}]}},"_links":{"self":[{"href":"https:\/\/sorginearrigorriaga.com\/eu\/wp-json\/wp\/v2\/pages\/6","targetHints":{"allow":["GET"]}}],"collection":[{"href":"https:\/\/sorginearrigorriaga.com\/eu\/wp-json\/wp\/v2\/pages"}],"about":[{"href":"https:\/\/sorginearrigorriaga.com\/eu\/wp-json\/wp\/v2\/types\/page"}],"author":[{"embeddable":true,"href":"https:\/\/sorginearrigorriaga.com\/eu\/wp-json\/wp\/v2\/users\/1"}],"replies":[{"embeddable":true,"href":"https:\/\/sorginearrigorriaga.com\/eu\/wp-json\/wp\/v2\/comments?post=6"}],"version-history":[{"count":63,"href":"https:\/\/sorginearrigorriaga.com\/eu\/wp-json\/wp\/v2\/pages\/6\/revisions"}],"predecessor-version":[{"id":275,"href":"https:\/\/sorginearrigorriaga.com\/eu\/wp-json\/wp\/v2\/pages\/6\/revisions\/275"}],"wp:attachment":[{"href":"https:\/\/sorginearrigorriaga.com\/eu\/wp-json\/wp\/v2\/media?parent=6"}],"curies":[{"name":"wp","href":"https:\/\/api.w.org\/{rel}","templated":true}]}}