{"id":2,"date":"2025-12-18T16:27:49","date_gmt":"2025-12-18T16:27:49","guid":{"rendered":"https:\/\/sorginearrigorriaga.rkinformatika.online\/?page_id=2"},"modified":"2025-12-19T09:32:18","modified_gmt":"2025-12-19T09:32:18","slug":"inicio","status":"publish","type":"page","link":"https:\/\/sorginearrigorriaga.com\/eu\/","title":{"rendered":"Hasiera"},"content":{"rendered":"<div data-elementor-type=\"wp-page\" data-elementor-id=\"2\" class=\"elementor elementor-2\" data-elementor-post-type=\"page\">\n\t\t\t\t<div class=\"elementor-element elementor-element-891885e e-flex e-con-boxed e-con e-parent\" data-id=\"891885e\" data-element_type=\"container\" data-e-type=\"container\" data-settings=\"{&quot;background_background&quot;:&quot;classic&quot;}\">\n\t\t\t\t\t<div class=\"e-con-inner\">\n\t\t<div class=\"elementor-element elementor-element-85af4ff e-con-full e-flex e-con e-child\" data-id=\"85af4ff\" data-element_type=\"container\" data-e-type=\"container\">\n\t\t\t\t<div class=\"elementor-element elementor-element-c6a0a99 elementor-invisible elementor-widget elementor-widget-heading\" data-id=\"c6a0a99\" data-element_type=\"widget\" data-e-type=\"widget\" data-settings=\"{&quot;_animation&quot;:&quot;fadeInLeft&quot;}\" data-widget_type=\"heading.default\">\n\t\t\t\t\t<h2 class=\"elementor-heading-title elementor-size-default\">Momentua dastatzeko taberna: ardoa, kopak eta lasaitasuna!<\/h2>\t\t\t\t<\/div>\n\t\t\t\t<\/div>\n\t\t\t\t\t<\/div>\n\t\t\t\t<\/div>\n\t\t<div class=\"elementor-element elementor-element-e2967a4 e-flex e-con-boxed elementor-invisible e-con e-parent\" data-id=\"e2967a4\" data-element_type=\"container\" data-e-type=\"container\" data-settings=\"{&quot;background_background&quot;:&quot;classic&quot;,&quot;animation&quot;:&quot;fadeInLeft&quot;}\">\n\t\t\t\t\t<div class=\"e-con-inner\">\n\t\t<div class=\"elementor-element elementor-element-8592cf7 e-con-full e-flex e-con e-child\" data-id=\"8592cf7\" data-element_type=\"container\" data-e-type=\"container\">\n\t\t\t\t<div class=\"elementor-element elementor-element-6220454 elementor-widget__width-initial elementor-absolute elementor-widget elementor-widget-image\" data-id=\"6220454\" data-element_type=\"widget\" data-e-type=\"widget\" data-settings=\"{&quot;_position&quot;:&quot;absolute&quot;}\" data-widget_type=\"image.default\">\n\t\t\t\t\t\t\t\t\t\t\t\t\t\t\t<img fetchpriority=\"high\" decoding=\"async\" width=\"298\" height=\"278\" src=\"https:\/\/sorginearrigorriaga.com\/wp-content\/uploads\/2025\/12\/ico_web.jpg\" class=\"attachment-medium size-medium wp-image-29\" alt=\"\" srcset=\"https:\/\/sorginearrigorriaga.com\/wp-content\/uploads\/2025\/12\/ico_web.jpg 298w, https:\/\/sorginearrigorriaga.com\/wp-content\/uploads\/2025\/12\/ico_web-13x12.jpg 13w\" sizes=\"(max-width: 298px) 100vw, 298px\" \/>\t\t\t\t\t\t\t\t\t\t\t\t\t\t\t<\/div>\n\t\t\t\t<div class=\"elementor-element elementor-element-c09608e elementor-widget elementor-widget-spacer\" data-id=\"c09608e\" data-element_type=\"widget\" data-e-type=\"widget\" data-widget_type=\"spacer.default\">\n\t\t\t\t\t\t\t<div class=\"elementor-spacer\">\n\t\t\t<div class=\"elementor-spacer-inner\"><\/div>\n\t\t<\/div>\n\t\t\t\t\t\t<\/div>\n\t\t\t\t<div class=\"elementor-element elementor-element-6e16579 elementor-widget elementor-widget-heading\" data-id=\"6e16579\" data-element_type=\"widget\" data-e-type=\"widget\" data-widget_type=\"heading.default\">\n\t\t\t\t\t<h2 class=\"elementor-heading-title elementor-size-default\">Guri buruz<\/h2>\t\t\t\t<\/div>\n\t\t\t\t<div class=\"elementor-element elementor-element-711bedb elementor-widget elementor-widget-heading\" data-id=\"711bedb\" data-element_type=\"widget\" data-e-type=\"widget\" data-widget_type=\"heading.default\">\n\t\t\t\t\t<h2 class=\"elementor-heading-title elementor-size-default\">Sorgine Caf\u00e9 Bar<\/h2>\t\t\t\t<\/div>\n\t\t\t\t<div class=\"elementor-element elementor-element-e0a409f elementor-widget elementor-widget-text-editor\" data-id=\"e0a409f\" data-element_type=\"widget\" data-e-type=\"widget\" data-widget_type=\"text-editor.default\">\n\t\t\t\t\t\t\t\t\t<p>14 urte baino gehiago daramatzagu garenak izaten eta egiten dakigun onena eskaintzen, dedikazioarekin eta gure lanarekiko grinarekin.<\/p>\n<p>Ostalaritzan eta jendearen gozamenean aritzen gara. Kopa taberna bat gara, eta askoz gehiago, giro abegitsua eta zirraragarria eskainiz, une onez gozatzeko, futbola ikusteko eta goizaldera arte esperientzia bizitzeko ezin hobea.<\/p>\t\t\t\t\t\t\t\t<\/div>\n\t\t\t\t<\/div>\n\t\t<div class=\"elementor-element elementor-element-e9164c9 e-con-full e-flex e-con e-child\" data-id=\"e9164c9\" data-element_type=\"container\" data-e-type=\"container\">\n\t\t\t\t<div class=\"elementor-element elementor-element-a7d9041 elementor-widget elementor-widget-image\" data-id=\"a7d9041\" data-element_type=\"widget\" data-e-type=\"widget\" data-widget_type=\"image.default\">\n\t\t\t\t\t\t\t\t\t\t\t\t\t\t\t<img decoding=\"async\" width=\"1000\" height=\"667\" src=\"https:\/\/sorginearrigorriaga.com\/wp-content\/uploads\/2025\/12\/9104.jpg\" class=\"elementor-animation-shrink attachment-full size-full wp-image-232\" alt=\"\" srcset=\"https:\/\/sorginearrigorriaga.com\/wp-content\/uploads\/2025\/12\/9104.jpg 1000w, https:\/\/sorginearrigorriaga.com\/wp-content\/uploads\/2025\/12\/9104-300x200.jpg 300w, https:\/\/sorginearrigorriaga.com\/wp-content\/uploads\/2025\/12\/9104-768x512.jpg 768w, https:\/\/sorginearrigorriaga.com\/wp-content\/uploads\/2025\/12\/9104-18x12.jpg 18w\" sizes=\"(max-width: 1000px) 100vw, 1000px\" \/>\t\t\t\t\t\t\t\t\t\t\t\t\t\t\t<\/div>\n\t\t\t\t<\/div>\n\t\t\t\t\t<\/div>\n\t\t\t\t<\/div>\n\t\t<div class=\"elementor-element elementor-element-98feba5 e-flex e-con-boxed e-con e-parent\" data-id=\"98feba5\" data-element_type=\"container\" data-e-type=\"container\" data-settings=\"{&quot;background_background&quot;:&quot;classic&quot;}\">\n\t\t\t\t\t<div class=\"e-con-inner\">\n\t\t\t\t<div class=\"elementor-element elementor-element-8a3fb42 elementor-invisible elementor-widget elementor-widget-heading\" data-id=\"8a3fb42\" data-element_type=\"widget\" data-e-type=\"widget\" data-settings=\"{&quot;_animation&quot;:&quot;fadeInRight&quot;}\" data-widget_type=\"heading.default\">\n\t\t\t\t\t<h2 class=\"elementor-heading-title elementor-size-default\">Hasi kafe batekin, jarraitu kopa batekin eta bukatu barreekin!<\/h2>\t\t\t\t<\/div>\n\t\t\t\t<div class=\"elementor-element elementor-element-3043a24 elementor-tablet-align-center elementor-invisible elementor-widget elementor-widget-button\" data-id=\"3043a24\" data-element_type=\"widget\" data-e-type=\"widget\" data-settings=\"{&quot;_animation&quot;:&quot;fadeInLeft&quot;}\" data-widget_type=\"button.default\">\n\t\t\t\t\t\t\t\t\t\t<a class=\"elementor-button elementor-button-link elementor-size-sm elementor-animation-pop\" href=\"\/eu\/servicios\/\">\n\t\t\t\t\t\t<span class=\"elementor-button-content-wrapper\">\n\t\t\t\t\t\t\t\t\t<span class=\"elementor-button-text\">Zerbitzuak<\/span>\n\t\t\t\t\t<\/span>\n\t\t\t\t\t<\/a>\n\t\t\t\t\t\t\t\t<\/div>\n\t\t\t\t\t<\/div>\n\t\t\t\t<\/div>\n\t\t<div class=\"elementor-element elementor-element-5eef6cf e-flex e-con-boxed elementor-invisible e-con e-parent\" data-id=\"5eef6cf\" data-element_type=\"container\" data-e-type=\"container\" data-settings=\"{&quot;background_background&quot;:&quot;classic&quot;,&quot;animation&quot;:&quot;fadeInLeft&quot;}\">\n\t\t\t\t\t<div class=\"e-con-inner\">\n\t\t<div class=\"elementor-element elementor-element-6173585 e-con-full e-flex e-con e-child\" data-id=\"6173585\" data-element_type=\"container\" data-e-type=\"container\">\n\t\t\t\t<div class=\"elementor-element elementor-element-61dc7ab elementor-widget__width-initial elementor-absolute elementor-widget elementor-widget-image\" data-id=\"61dc7ab\" data-element_type=\"widget\" data-e-type=\"widget\" data-settings=\"{&quot;_position&quot;:&quot;absolute&quot;}\" data-widget_type=\"image.default\">\n\t\t\t\t\t\t\t\t\t\t\t\t\t\t\t<img fetchpriority=\"high\" decoding=\"async\" width=\"298\" height=\"278\" src=\"https:\/\/sorginearrigorriaga.com\/wp-content\/uploads\/2025\/12\/ico_web.jpg\" class=\"attachment-medium size-medium wp-image-29\" alt=\"\" srcset=\"https:\/\/sorginearrigorriaga.com\/wp-content\/uploads\/2025\/12\/ico_web.jpg 298w, https:\/\/sorginearrigorriaga.com\/wp-content\/uploads\/2025\/12\/ico_web-13x12.jpg 13w\" sizes=\"(max-width: 298px) 100vw, 298px\" \/>\t\t\t\t\t\t\t\t\t\t\t\t\t\t\t<\/div>\n\t\t\t\t<div class=\"elementor-element elementor-element-f72d3fe elementor-widget elementor-widget-heading\" data-id=\"f72d3fe\" data-element_type=\"widget\" data-e-type=\"widget\" data-widget_type=\"heading.default\">\n\t\t\t\t\t<h2 class=\"elementor-heading-title elementor-size-default\">Gure platerak<\/h2>\t\t\t\t<\/div>\n\t\t\t\t<div class=\"elementor-element elementor-element-f9b660d elementor-widget elementor-widget-heading\" data-id=\"f9b660d\" data-element_type=\"widget\" data-e-type=\"widget\" data-widget_type=\"heading.default\">\n\t\t\t\t\t<h2 class=\"elementor-heading-title elementor-size-default\">Ezagutu gure barietatea<\/h2>\t\t\t\t<\/div>\n\t\t\t\t<div class=\"elementor-element elementor-element-46ce25f elementor-widget elementor-widget-text-editor\" data-id=\"46ce25f\" data-element_type=\"widget\" data-e-type=\"widget\" data-widget_type=\"text-editor.default\">\n\t\t\t\t\t\t\t\t\t<p>Kopa taberna bat gara, eta askoz gehiago. Harro gaude kafe goxoa eta gure terraza xarmangarrian goza daitezkeen garagardo eta ardo aukera zabala eskaintzeaz.<\/p>\t\t\t\t\t\t\t\t<\/div>\n\t\t\t\t<\/div>\n\t\t\t\t\t<\/div>\n\t\t\t\t<\/div>\n\t\t<div class=\"elementor-element elementor-element-5a22b20 e-flex e-con-boxed e-con e-parent\" data-id=\"5a22b20\" data-element_type=\"container\" data-e-type=\"container\">\n\t\t\t\t\t<div class=\"e-con-inner\">\n\t\t<div class=\"elementor-element elementor-element-b29e832 e-con-full e-flex e-con e-child\" data-id=\"b29e832\" data-element_type=\"container\" data-e-type=\"container\">\n\t\t\t\t<div class=\"elementor-element elementor-element-d493da4 elementor-widget elementor-widget-image\" data-id=\"d493da4\" data-element_type=\"widget\" data-e-type=\"widget\" data-widget_type=\"image.default\">\n\t\t\t\t\t\t\t\t\t\t\t\t\t\t\t<img decoding=\"async\" width=\"1000\" height=\"684\" src=\"https:\/\/sorginearrigorriaga.com\/wp-content\/uploads\/2025\/12\/2151945665.jpg\" class=\"elementor-animation-shrink attachment-full size-full wp-image-233\" alt=\"\" srcset=\"https:\/\/sorginearrigorriaga.com\/wp-content\/uploads\/2025\/12\/2151945665.jpg 1000w, https:\/\/sorginearrigorriaga.com\/wp-content\/uploads\/2025\/12\/2151945665-300x205.jpg 300w, https:\/\/sorginearrigorriaga.com\/wp-content\/uploads\/2025\/12\/2151945665-768x525.jpg 768w, https:\/\/sorginearrigorriaga.com\/wp-content\/uploads\/2025\/12\/2151945665-18x12.jpg 18w\" sizes=\"(max-width: 1000px) 100vw, 1000px\" \/>\t\t\t\t\t\t\t\t\t\t\t\t\t\t\t<\/div>\n\t\t\t\t<div class=\"elementor-element elementor-element-8f1a9dd elementor-widget elementor-widget-heading\" data-id=\"8f1a9dd\" data-element_type=\"widget\" data-e-type=\"widget\" data-widget_type=\"heading.default\">\n\t\t\t\t\t<h2 class=\"elementor-heading-title elementor-size-default\">Kafea<\/h2>\t\t\t\t<\/div>\n\t\t\t\t<\/div>\n\t\t<div class=\"elementor-element elementor-element-e135c77 e-con-full e-flex e-con e-child\" data-id=\"e135c77\" data-element_type=\"container\" data-e-type=\"container\">\n\t\t\t\t<div class=\"elementor-element elementor-element-8b88adc elementor-widget elementor-widget-image\" data-id=\"8b88adc\" data-element_type=\"widget\" data-e-type=\"widget\" data-widget_type=\"image.default\">\n\t\t\t\t\t\t\t\t\t\t\t\t\t\t\t<img loading=\"lazy\" decoding=\"async\" width=\"1000\" height=\"667\" src=\"https:\/\/sorginearrigorriaga.com\/wp-content\/uploads\/2025\/12\/13479.jpg\" class=\"elementor-animation-shrink attachment-full size-full wp-image-235\" alt=\"\" srcset=\"https:\/\/sorginearrigorriaga.com\/wp-content\/uploads\/2025\/12\/13479.jpg 1000w, https:\/\/sorginearrigorriaga.com\/wp-content\/uploads\/2025\/12\/13479-300x200.jpg 300w, https:\/\/sorginearrigorriaga.com\/wp-content\/uploads\/2025\/12\/13479-768x512.jpg 768w, https:\/\/sorginearrigorriaga.com\/wp-content\/uploads\/2025\/12\/13479-18x12.jpg 18w\" sizes=\"(max-width: 1000px) 100vw, 1000px\" \/>\t\t\t\t\t\t\t\t\t\t\t\t\t\t\t<\/div>\n\t\t\t\t<div class=\"elementor-element elementor-element-bf8557a elementor-widget elementor-widget-heading\" data-id=\"bf8557a\" data-element_type=\"widget\" data-e-type=\"widget\" data-widget_type=\"heading.default\">\n\t\t\t\t\t<h2 class=\"elementor-heading-title elementor-size-default\">Garagardoak<\/h2>\t\t\t\t<\/div>\n\t\t\t\t<\/div>\n\t\t<div class=\"elementor-element elementor-element-93a1a22 e-con-full e-flex e-con e-child\" data-id=\"93a1a22\" data-element_type=\"container\" data-e-type=\"container\">\n\t\t\t\t<div class=\"elementor-element elementor-element-6168695 elementor-widget elementor-widget-image\" data-id=\"6168695\" data-element_type=\"widget\" data-e-type=\"widget\" data-widget_type=\"image.default\">\n\t\t\t\t\t\t\t\t\t\t\t\t\t\t\t<img loading=\"lazy\" decoding=\"async\" width=\"1000\" height=\"667\" src=\"https:\/\/sorginearrigorriaga.com\/wp-content\/uploads\/2025\/12\/14334469.jpg\" class=\"elementor-animation-shrink attachment-full size-full wp-image-230\" alt=\"\" srcset=\"https:\/\/sorginearrigorriaga.com\/wp-content\/uploads\/2025\/12\/14334469.jpg 1000w, https:\/\/sorginearrigorriaga.com\/wp-content\/uploads\/2025\/12\/14334469-300x200.jpg 300w, https:\/\/sorginearrigorriaga.com\/wp-content\/uploads\/2025\/12\/14334469-768x512.jpg 768w, https:\/\/sorginearrigorriaga.com\/wp-content\/uploads\/2025\/12\/14334469-18x12.jpg 18w\" sizes=\"(max-width: 1000px) 100vw, 1000px\" \/>\t\t\t\t\t\t\t\t\t\t\t\t\t\t\t<\/div>\n\t\t\t\t<div class=\"elementor-element elementor-element-403db76 elementor-widget elementor-widget-heading\" data-id=\"403db76\" data-element_type=\"widget\" data-e-type=\"widget\" data-widget_type=\"heading.default\">\n\t\t\t\t\t<h2 class=\"elementor-heading-title elementor-size-default\">Ardoak<\/h2>\t\t\t\t<\/div>\n\t\t\t\t<\/div>\n\t\t\t\t\t<\/div>\n\t\t\t\t<\/div>\n\t\t\t\t<\/div>","protected":false},"excerpt":{"rendered":"<p>\u00a1Un bar para saborear el momento: vino, copas y calma! Sobre Nosotros Sorgine Caf\u00e9 Bar Llevamos m\u00e1s de 14 a\u00f1os siendo quienes somos y brindando lo mejor que sabemos hacer, con dedicaci\u00f3n y pasi\u00f3n por nuestro trabajo. Nos dedicamos a la hosteler\u00eda y al disfrute de la gente. Somos un bar de copas y mucho [&hellip;]<\/p>\n","protected":false},"author":1,"featured_media":0,"parent":0,"menu_order":0,"comment_status":"closed","ping_status":"closed","template":"elementor_canvas","meta":{"footnotes":""},"class_list":["post-2","page","type-page","status-publish","hentry"],"yoast_head":"<!-- This site is optimized with the Yoast SEO plugin v27.3 - https:\/\/yoast.com\/product\/yoast-seo-wordpress\/ -->\n<title>Inicio - Sorgine Caf\u00e9 Bar<\/title>\n<meta name=\"robots\" content=\"index, follow, max-snippet:-1, max-image-preview:large, max-video-preview:-1\" \/>\n<link rel=\"canonical\" href=\"https:\/\/sorginearrigorriaga.com\/eu\/\" \/>\n<meta property=\"og:locale\" content=\"en_US\" \/>\n<meta property=\"og:type\" content=\"article\" \/>\n<meta property=\"og:title\" content=\"Inicio - Sorgine Caf\u00e9 Bar\" \/>\n<meta property=\"og:description\" content=\"\u00a1Un bar para saborear el momento: vino, copas y calma! Sobre Nosotros Sorgine Caf\u00e9 Bar Llevamos m\u00e1s de 14 a\u00f1os siendo quienes somos y brindando lo mejor que sabemos hacer, con dedicaci\u00f3n y pasi\u00f3n por nuestro trabajo. Nos dedicamos a la hosteler\u00eda y al disfrute de la gente. Somos un bar de copas y mucho [&hellip;]\" \/>\n<meta property=\"og:url\" content=\"https:\/\/sorginearrigorriaga.com\/eu\/\" \/>\n<meta property=\"og:site_name\" content=\"Sorgine Caf\u00e9 Bar\" \/>\n<meta property=\"article:modified_time\" content=\"2025-12-19T09:32:18+00:00\" \/>\n<meta property=\"og:image\" content=\"https:\/\/sorginearrigorriaga.com\/wp-content\/uploads\/2025\/12\/ico_web.jpg\" \/>\n<meta name=\"twitter:card\" content=\"summary_large_image\" \/>\n<meta name=\"twitter:label1\" content=\"Est. reading time\" \/>\n\t<meta name=\"twitter:data1\" content=\"1 minutua\" \/>\n<script type=\"application\/ld+json\" class=\"yoast-schema-graph\">{\"@context\":\"https:\\\/\\\/schema.org\",\"@graph\":[{\"@type\":\"WebPage\",\"@id\":\"https:\\\/\\\/sorginearrigorriaga.com\\\/\",\"url\":\"https:\\\/\\\/sorginearrigorriaga.com\\\/\",\"name\":\"Inicio - Sorgine Caf\u00e9 Bar\",\"isPartOf\":{\"@id\":\"https:\\\/\\\/sorginearrigorriaga.com\\\/#website\"},\"primaryImageOfPage\":{\"@id\":\"https:\\\/\\\/sorginearrigorriaga.com\\\/#primaryimage\"},\"image\":{\"@id\":\"https:\\\/\\\/sorginearrigorriaga.com\\\/#primaryimage\"},\"thumbnailUrl\":\"https:\\\/\\\/sorginearrigorriaga.com\\\/wp-content\\\/uploads\\\/2025\\\/12\\\/ico_web.jpg\",\"datePublished\":\"2025-12-18T16:27:49+00:00\",\"dateModified\":\"2025-12-19T09:32:18+00:00\",\"breadcrumb\":{\"@id\":\"https:\\\/\\\/sorginearrigorriaga.com\\\/#breadcrumb\"},\"inLanguage\":\"eu\",\"potentialAction\":[{\"@type\":\"ReadAction\",\"target\":[\"https:\\\/\\\/sorginearrigorriaga.com\\\/\"]}]},{\"@type\":\"ImageObject\",\"inLanguage\":\"eu\",\"@id\":\"https:\\\/\\\/sorginearrigorriaga.com\\\/#primaryimage\",\"url\":\"https:\\\/\\\/sorginearrigorriaga.com\\\/wp-content\\\/uploads\\\/2025\\\/12\\\/ico_web.jpg\",\"contentUrl\":\"https:\\\/\\\/sorginearrigorriaga.com\\\/wp-content\\\/uploads\\\/2025\\\/12\\\/ico_web.jpg\"},{\"@type\":\"BreadcrumbList\",\"@id\":\"https:\\\/\\\/sorginearrigorriaga.com\\\/#breadcrumb\",\"itemListElement\":[{\"@type\":\"ListItem\",\"position\":1,\"name\":\"Portada\",\"item\":\"https:\\\/\\\/sorginearrigorriaga.com\\\/\"},{\"@type\":\"ListItem\",\"position\":2,\"name\":\"Inicio\"}]},{\"@type\":\"WebSite\",\"@id\":\"https:\\\/\\\/sorginearrigorriaga.com\\\/#website\",\"url\":\"https:\\\/\\\/sorginearrigorriaga.com\\\/\",\"name\":\"Sorgine Caf\u00e9 Bar\",\"description\":\"Sorgine Caf\u00e9 Bar\",\"publisher\":{\"@id\":\"https:\\\/\\\/sorginearrigorriaga.com\\\/#organization\"},\"potentialAction\":[{\"@type\":\"SearchAction\",\"target\":{\"@type\":\"EntryPoint\",\"urlTemplate\":\"https:\\\/\\\/sorginearrigorriaga.com\\\/?s={search_term_string}\"},\"query-input\":{\"@type\":\"PropertyValueSpecification\",\"valueRequired\":true,\"valueName\":\"search_term_string\"}}],\"inLanguage\":\"eu\"},{\"@type\":\"Organization\",\"@id\":\"https:\\\/\\\/sorginearrigorriaga.com\\\/#organization\",\"name\":\"Sorgine Caf\u00e9 Bar\",\"url\":\"https:\\\/\\\/sorginearrigorriaga.com\\\/\",\"logo\":{\"@type\":\"ImageObject\",\"inLanguage\":\"eu\",\"@id\":\"https:\\\/\\\/sorginearrigorriaga.com\\\/#\\\/schema\\\/logo\\\/image\\\/\",\"url\":\"https:\\\/\\\/sorginearrigorriaga.com\\\/wp-content\\\/uploads\\\/2025\\\/12\\\/logo_web-removebg-preview.png\",\"contentUrl\":\"https:\\\/\\\/sorginearrigorriaga.com\\\/wp-content\\\/uploads\\\/2025\\\/12\\\/logo_web-removebg-preview.png\",\"width\":728,\"height\":343,\"caption\":\"Sorgine Caf\u00e9 Bar\"},\"image\":{\"@id\":\"https:\\\/\\\/sorginearrigorriaga.com\\\/#\\\/schema\\\/logo\\\/image\\\/\"}}]}<\/script>\n<!-- \/ Yoast SEO plugin. -->","yoast_head_json":{"title":"Inicio - Sorgine Caf\u00e9 Bar","robots":{"index":"index","follow":"follow","max-snippet":"max-snippet:-1","max-image-preview":"max-image-preview:large","max-video-preview":"max-video-preview:-1"},"canonical":"https:\/\/sorginearrigorriaga.com\/eu\/","og_locale":"en_US","og_type":"article","og_title":"Inicio - Sorgine Caf\u00e9 Bar","og_description":"\u00a1Un bar para saborear el momento: vino, copas y calma! Sobre Nosotros Sorgine Caf\u00e9 Bar Llevamos m\u00e1s de 14 a\u00f1os siendo quienes somos y brindando lo mejor que sabemos hacer, con dedicaci\u00f3n y pasi\u00f3n por nuestro trabajo. Nos dedicamos a la hosteler\u00eda y al disfrute de la gente. Somos un bar de copas y mucho [&hellip;]","og_url":"https:\/\/sorginearrigorriaga.com\/eu\/","og_site_name":"Sorgine Caf\u00e9 Bar","article_modified_time":"2025-12-19T09:32:18+00:00","og_image":[{"url":"https:\/\/sorginearrigorriaga.com\/wp-content\/uploads\/2025\/12\/ico_web.jpg","type":"","width":"","height":""}],"twitter_card":"summary_large_image","twitter_misc":{"Est. reading time":"1 minutua"},"schema":{"@context":"https:\/\/schema.org","@graph":[{"@type":"WebPage","@id":"https:\/\/sorginearrigorriaga.com\/","url":"https:\/\/sorginearrigorriaga.com\/","name":"Inicio - Sorgine Caf\u00e9 Bar","isPartOf":{"@id":"https:\/\/sorginearrigorriaga.com\/#website"},"primaryImageOfPage":{"@id":"https:\/\/sorginearrigorriaga.com\/#primaryimage"},"image":{"@id":"https:\/\/sorginearrigorriaga.com\/#primaryimage"},"thumbnailUrl":"https:\/\/sorginearrigorriaga.com\/wp-content\/uploads\/2025\/12\/ico_web.jpg","datePublished":"2025-12-18T16:27:49+00:00","dateModified":"2025-12-19T09:32:18+00:00","breadcrumb":{"@id":"https:\/\/sorginearrigorriaga.com\/#breadcrumb"},"inLanguage":"eu","potentialAction":[{"@type":"ReadAction","target":["https:\/\/sorginearrigorriaga.com\/"]}]},{"@type":"ImageObject","inLanguage":"eu","@id":"https:\/\/sorginearrigorriaga.com\/#primaryimage","url":"https:\/\/sorginearrigorriaga.com\/wp-content\/uploads\/2025\/12\/ico_web.jpg","contentUrl":"https:\/\/sorginearrigorriaga.com\/wp-content\/uploads\/2025\/12\/ico_web.jpg"},{"@type":"BreadcrumbList","@id":"https:\/\/sorginearrigorriaga.com\/#breadcrumb","itemListElement":[{"@type":"ListItem","position":1,"name":"Portada","item":"https:\/\/sorginearrigorriaga.com\/"},{"@type":"ListItem","position":2,"name":"Inicio"}]},{"@type":"WebSite","@id":"https:\/\/sorginearrigorriaga.com\/#website","url":"https:\/\/sorginearrigorriaga.com\/","name":"Sorgine Caf\u00e9 Bar","description":"Sorgine Caf\u00e9 Bar","publisher":{"@id":"https:\/\/sorginearrigorriaga.com\/#organization"},"potentialAction":[{"@type":"SearchAction","target":{"@type":"EntryPoint","urlTemplate":"https:\/\/sorginearrigorriaga.com\/?s={search_term_string}"},"query-input":{"@type":"PropertyValueSpecification","valueRequired":true,"valueName":"search_term_string"}}],"inLanguage":"eu"},{"@type":"Organization","@id":"https:\/\/sorginearrigorriaga.com\/#organization","name":"Sorgine Caf\u00e9 Bar","url":"https:\/\/sorginearrigorriaga.com\/","logo":{"@type":"ImageObject","inLanguage":"eu","@id":"https:\/\/sorginearrigorriaga.com\/#\/schema\/logo\/image\/","url":"https:\/\/sorginearrigorriaga.com\/wp-content\/uploads\/2025\/12\/logo_web-removebg-preview.png","contentUrl":"https:\/\/sorginearrigorriaga.com\/wp-content\/uploads\/2025\/12\/logo_web-removebg-preview.png","width":728,"height":343,"caption":"Sorgine Caf\u00e9 Bar"},"image":{"@id":"https:\/\/sorginearrigorriaga.com\/#\/schema\/logo\/image\/"}}]}},"_links":{"self":[{"href":"https:\/\/sorginearrigorriaga.com\/eu\/wp-json\/wp\/v2\/pages\/2","targetHints":{"allow":["GET"]}}],"collection":[{"href":"https:\/\/sorginearrigorriaga.com\/eu\/wp-json\/wp\/v2\/pages"}],"about":[{"href":"https:\/\/sorginearrigorriaga.com\/eu\/wp-json\/wp\/v2\/types\/page"}],"author":[{"embeddable":true,"href":"https:\/\/sorginearrigorriaga.com\/eu\/wp-json\/wp\/v2\/users\/1"}],"replies":[{"embeddable":true,"href":"https:\/\/sorginearrigorriaga.com\/eu\/wp-json\/wp\/v2\/comments?post=2"}],"version-history":[{"count":97,"href":"https:\/\/sorginearrigorriaga.com\/eu\/wp-json\/wp\/v2\/pages\/2\/revisions"}],"predecessor-version":[{"id":278,"href":"https:\/\/sorginearrigorriaga.com\/eu\/wp-json\/wp\/v2\/pages\/2\/revisions\/278"}],"wp:attachment":[{"href":"https:\/\/sorginearrigorriaga.com\/eu\/wp-json\/wp\/v2\/media?parent=2"}],"curies":[{"name":"wp","href":"https:\/\/api.w.org\/{rel}","templated":true}]}}